{"id":82,"date":"2023-11-23T23:48:50","date_gmt":"2023-11-23T23:48:50","guid":{"rendered":"https:\/\/dermatologiss.com\/?page_id=82"},"modified":"2024-05-21T15:33:39","modified_gmt":"2024-05-21T15:33:39","slug":"termini-e-condizioni","status":"publish","type":"page","link":"https:\/\/dermatologiss.com\/sr\/termini-e-condizioni\/","title":{"rendered":"termini e condizioni"},"content":{"rendered":"<div data-elementor-type=\"wp-page\" data-elementor-id=\"82\" class=\"elementor elementor-82\" data-elementor-post-type=\"page\">\n\t\t\t\t\t\t<section data-particle_enable=\"false\" data-particle-mobile-disabled=\"false\" class=\"elementor-section elementor-top-section elementor-element elementor-element-189db930 elementor-section-boxed elementor-section-height-default elementor-section-height-default\" data-id=\"189db930\" data-element_type=\"section\" data-e-type=\"section\">\n\t\t\t\t\t\t<div class=\"elementor-container elementor-column-gap-default\">\n\t\t\t\t\t<div class=\"elementor-column elementor-col-100 elementor-top-column elementor-element elementor-element-2845bd90\" data-id=\"2845bd90\" data-element_type=\"column\" data-e-type=\"column\">\n\t\t\t<div class=\"elementor-widget-wrap elementor-element-populated\">\n\t\t\t\t\t\t<div class=\"elementor-element elementor-element-24aef4f3 elementor-widget elementor-widget-text-editor\" data-id=\"24aef4f3\" data-element_type=\"widget\" data-e-type=\"widget\" data-widget_type=\"text-editor.default\">\n\t\t\t\t<div class=\"elementor-widget-container\">\n\t\t\t\t\t\t\t\t\t<div>\n<h1>TERMINI E CONDIZIONI DERMATOLOGISS BRAND<\/h1>\n<p style=\"margin-right: 0px; margin-bottom: 20px; margin-left: 0px; line-height: 1.8; color: #333333; font-family: Poppins, sans-serif; font-size: 15px;\"><span style=\"font-weight: var( --e-global-typography-text-font-weight );\">Termini e Condizioni prevendita<\/span><\/p>\n<p style=\"margin-right: 0px; margin-bottom: 20px; margin-left: 0px; line-height: 1.8; color: #333333; font-family: Poppins, sans-serif; font-size: 15px;\">1) il potenziale cliente accetta senza riserva alcuna ed \u00e8 consapevole che il rapporto giuridico, legale, civile, economico e fiscale nascente dall\u2019acquisto del presente prodotto \u00e8 da intendersi \u201ctra il privato acquirente\u201d e la \u201csociet\u00e0 produttrice\/distributrice del prodotto\u201d.<br>2) il potenziale cliente \u00e8 consapevole informato e cosciente che Benvenuti Store. Economicamente, legalmente, fiscalmente, giuridicamente, \u00e8 solo un\u2019azienda esterna operante nel settore marketing online, e che in virt\u00f9 di oggetto sociale pu\u00f2 scegliere di curare \u201cla conduzione di campagne pubblicitarie\u201d di beni o servizi prodotti\/distribuiti\/commercializzati da societ\u00e0 produttrici\/distribuitici\/commerciali; che scelgono di promuovere i propri prodotti\/servizi attraverso network di affiliazioni, ai quali risulta affiliata in modo anche temporaneo&nbsp;<span style=\"letter-spacing: -0.27px;\">Benvenuti Store<\/span>.<br>Ovvero&nbsp;<span style=\"letter-spacing: -0.27px;\">Benvenuti Store<\/span>, sceglie i prodotti\/servizi presenti nei diversi network di affiliazione ne studia il brand e pone in essere a propria cura e spese una strategia di marketing online che sfrutta i diversi canali messi a disposizione della rete (esempio e-commerce, Ebay, Social network etc), AL FINE di generare contatti utili (potenziali clienti\/leads), che mostrano un interesse verso i prodotti\/servizi. E mettere in relazione tali potenziali clienti con le societ\u00e0 produttrici\/distribuitici\/commerciali titolari dei prodotti\/servizi, trasferendo i dati ed eventuali pagamenti attraverso appositi form di contatto messi a disposizione dal network di affiliazioni che propone e offre senza obbligo all\u2019affiliato esterno&nbsp;<span style=\"letter-spacing: -0.27px;\">Benvenuti Store<\/span>, di adoperarsi a propria cura e spese nella creazione e conduzione di campagne pubblicitarie per conto proprio.<br>3) il potenziale cliente accetta senza riserva alcuna che i dati inseriti dopo aver cliccato il tasto acquista, potranno essere utilizzati dalla societ\u00e0&nbsp;<span style=\"letter-spacing: -0.27px;\">Benvenuti Store<\/span>&nbsp;esclusivamente per essere trasferiti alle societ\u00e0 produttrici\/distributrici\/commerciali attraverso appositi form di contatto messi a disposizione dal network di affiliazioni che propone e offre senza obbligo all\u2019affiliato esterno&nbsp;<span style=\"letter-spacing: -0.27px;\">Benvenuti Store<\/span>, di adoperarsi a propria cura e spese nella creazione e conduzione di campagne pubblicitarie per conto proprio. Oltre ci\u00f2, il potenziale cliente accetta di ricevere in futuro nuovi contatti da&nbsp;<span style=\"letter-spacing: -0.27px;\">Benvenuti Store<\/span>&nbsp;per proporre nuove offerte commerciali relative al presente prodotto.<br>4) Pre-ordineil potenziale cliente accetta senza riserva alcuna che cliccando il tasto acquista\/aggiungendo un prodotto al carrello, sta semplicemente effettuando un pre-ordine presso un soggetto incaricato della conduzione di campagne pubblicitarie, e non presso un commerciante o il reale produttore\/distributore del prodotto. Questo perch\u00e8:4a) per la natura del prodotto, potrai essere contattato dal reale produttore\/distributore che si accerter\u00e0 che tu possa realmente utilizzare il prodotto. Solo allora, tra te (consumatore\/potenziale cliente) e la societ\u00e0 produttrice\/distributrice si perfezioner\u00e0 una transazione commerciale e passerai dall\u2019essere potenziale cliente a cliente e l\u2019ordine sar\u00e0 effettivo.4b)&nbsp;<span style=\"letter-spacing: -0.27px;\">Benvenuti Store<\/span>&nbsp;non \u00e8 un commerciante, non \u00e8 titolare del prodotto, non \u00e8 in possesso materiale dello stesso, non importa, spedisce, commercializza in alcun modo l\u2019oggetto della presente inserzione pubblicitaria. Solo quando i tuoi dati saranno in possesso ed utilizzati dalla societ\u00e0 produttrice\/distributrice, tra di voi se esisteranno i presupposti (tua conferma del pre-ordine) si perfezioner\u00e0 una transazione commerciale e passerai dall\u2019essere potenziale cliente a cliente della societ\u00e0 produttrice\/distributrice e l\u2019ordine sar\u00e0 effettivo.<br>5) Garanzie5a)&nbsp;<span style=\"letter-spacing: -0.27px;\">Benvenuti Store<\/span>&nbsp;garantisce di curare con la diligenza del buon padre di famiglia i dati del potenziale cliente nonch\u00e9 eventuali pagamenti dal momento che verr\u00e0 effettuato il pre-ordine fino al momento del trasferimento effettivo alla societ\u00e0 produttrice\/distributrice.5b)&nbsp;<span style=\"letter-spacing: -0.27px;\">Benvenuti Store<\/span>&nbsp;nonostante sia una societ\u00e0 di marketing e non un commerciante e\/o il produttore\/distributore del prodotto; e abbia attivato l\u2019inserzione pubblicitaria solo per generare un potenziale cliente non acquirente, e dunque un contatto utile e NON una transazione commerciale, garantisce al potenziale cliente: assistenza per quanto possibile nelle eventuali problematiche sorte con il produttore\/distributore senza esserne legalmente, giuridicamente, fiscalmente e commercialmente obbligato. Assistenza che avverr\u00e0 con l\u2019agevolazione delle interazioni tra il potenziale cliente e la societ\u00e0 nelle richieste di resi e restituzioni richieste secondo le normative vigenti.<br>6) La presente inserzione pubblicitaria \u00e8 rivolta esclusivamente a soggetti privati e non ad aziende.&nbsp;<span style=\"letter-spacing: -0.27px;\">Benvenuti Store<\/span>&nbsp;non ha rapporti finanziari ed economici con le societ\u00e0 produttrici\/distributrici, ma solo con il network di affiliazione che mette a disposizione l\u2019offerta su cui costruire una campagna pubblicitaria. Ne deriva che le richieste di fatturazione da aziende potranno essere richieste esclusivamente alle societ\u00e0 produttrici\/distributrici, solo durante la telefonata di conferma, che in base al loro regime fiscale sceglieranno di adoperare. E non a&nbsp;<span style=\"letter-spacing: -0.27px;\">Benvenuti Store<\/span>, in quanto la stessa, per la natura del pre-ordine, non \u00e8 certa di ricevere compensi per il singolo contatto generato, ma percepisce compensi non dettagliati, esclusivamente dal network di affiliazione attraverso il quale mette in relazione potenziale cliente e societ\u00e0 produttrice\/distributrice.<br>7)&nbsp;<span style=\"letter-spacing: -0.27px;\">Benvenuti Store<\/span>&nbsp;non garantisce che i prodotti vengano spediti da depositi posti sul territorio italiano o di San Marino, e che la spedizione avvenga tramite specifici corrieri, ma solo che la spedizione rispetti i tempi di consegna una volta che il potenziale cliente confermi col produttore distributore il pre-ordine e tra i due soggetti venga effettivamente conclusa una transazione commerciale.<br>8) il potenziale cliente accetta senza riserva alcuna che&nbsp;<span style=\"letter-spacing: -0.27px;\">Benvenuti Store<\/span>&nbsp;non \u00e8 responsabile fiscalmente, giuridicamente, legalmente e civilmente per qualunque tipo di controversia e\/o problematica di qualunque natura nascente per la conferma dell\u2019ordine e l\u2019utilizzo del prodotto commercializzato dalla societ\u00e0 produttrice\/distributrice in questa inserzione. Per qualunque controversia si rimanda al produttore\/distributore la cui anagrafica societaria \u00e8 sempre riportata sulle confezioni.<br>9) il potenziale cliente accetta senza riserva alcuna che&nbsp;<span style=\"letter-spacing: -0.27px;\">Benvenuti Store<\/span>&nbsp;\u00e8 tenuto a rimborsare solo per acquisti effettuati con il sistema di pagamento Paypal, e solo nei casi in cui il distributore\/produttore del prodotto riceva la richiesta di restituzione nei termini e con le modalit\u00e0 previste dalla legge, e soprattutto solo di prodotti sigillati. In assenza di sigillo, non verr\u00e0 effettuato alcun rimborso.<br>10)&nbsp;<span style=\"letter-spacing: -0.27px;\">Benvenuti Store<\/span>&nbsp;non garantisce la veridicit\u00e0 delle informazioni fornite dal network di affiliazione e dalle societ\u00e0 distributrici\/produttrici, non garantisce il rispetto delle normative vigenti da parte dei succitati soggetti, in quanto non ha l\u2019obbligo in qualit\u00e0 di agenzia di marketing, di verificare nulla ci\u00f2 che riguarda il prodotto pubblicizzato.<br>A tal proposito, il potenziale cliente accetta senza riserva alcuna che riguardo al presente prodotto, l\u2019immagine \u00e8 fornita dal catalogo del produttore\/distributore, il package potrebbe risultare diverso in minimi dettagli, perch\u00e9 il produttore\/distributore si riserva di modificare a suo insindacabile giudizio tali dettagli. Inoltre, visto che i produttori sono impegnati sempre nel miglioramento dei prodotti proposti, il potenziale cliente accetta anche che il contenuto del prodotto potrebbe essere difforme dalla descrizione perch\u00e9 sottoposto a miglioramento in termini di concentrazione ed ingredienti dal produttore. Di tale conformit\u00e0, potr\u00e0 prendere informazioni al momento della conferma telefonica.<br>11) Il potenziale cliente accetta che il metodo principale di pagamento per il presente prodotto \u00e8 il contrassegno (pagamento alla consegna) e che esso avverr\u00e0 solo dopo conferma telefonica e solo dopo aver ricevuto il prodotto dal produttore\/distributore. Qualora il potenziale cliente scelga altro metodo di pagamento,&nbsp;<span style=\"letter-spacing: -0.27px;\">Benvenuti Store<\/span>&nbsp;potr\u00e0 scegliere se rimborsare subito il cliente e porre in atto il trasferimento dei dati di pre-ordine al distributore\/produttore che provveder\u00e0 una volta ricevuta conferma dell\u2019acquisto, a spedire la merce in contrassegno. Oppure senza che nasca alcun vincolo commerciale a raccogliere il pagamento per trasferirlo unitamente ai dati al distributore\/produttore attraverso i form di contatto messi a disposizione dal network di affiliazione.<br>12)&nbsp;<span style=\"letter-spacing: -0.27px;\">Benvenuti Store<\/span>&nbsp;non \u00e8 responsabile per ci\u00f2 che qualunque altra societ\u00e0 online, in qualsiasi pagina web esterna o interna al nostro e-commerce, affermi sul prodotto oggetto della campagna pubblicitaria.<br>13) In questa inserzione NON si garantisce nulla, NON si promette nulla di miracoloso, NON si incita con stratagemmi ingannevoli l\u2019utente a preordinare il prodotto facendo leva su bisogni e disagi di qualunque natura. Cliccando il tasto acquista e preordinando il prodotto di questa inserzione, il potenziale cliente \u00e8 consapevole di voler essere contattato dal distributore\/produttore al fine di acquistare dopo conferma telefonica non di&nbsp;<span style=\"letter-spacing: -0.27px;\">Benvenuti Store<\/span>, un \u201cprodotto di sua spontanea volont\u00e0, senza alcuna garanzia di risultato, senza la truffaldina garanzia che solitamente si trova in giro soddisfatti o rimborsati\u201d.INOLTRE&nbsp;<span style=\"letter-spacing: -0.27px;\">Benvenuti Store<\/span>&nbsp;CONSIGLIA al potenziale cliente di procedere al pre-ordine SOLO nel caso in cui si sia certi dietro consiglio medico di poter entrare in contatto con il prodotto e che gli ingredienti dello stesso possano effettivamente portare giovamento. Oltre al consiglio medico si consiglia di riferire alla societ\u00e0 commerciale\/distributrice\/produttrice telefonicamente in fase di conferma del pre-ordine, ogni dubbio e patologia o disturbo.<br>14) E\u2019 vietato l\u2019acquisto del prodotto a soggetti minorenni<br>L\u2019acquisto da parte di un minorenne pu\u00f2 di norma essere dichiarati nulli, perch\u00e9 il non ancora diciottenne non possiede la capacit\u00e0 di agire. Ci\u00f2 da il diritto ai genitori di pretendere il rimborso della somma spesa, annullando anche le conseguenze del contratto a distanza. Questo principio non trova per\u00f2 applicazione nei casi in cui il minorenne abbia taciuto o falsificato la propria et\u00e0 attraverso comportamenti ingannevoli o dichiarando di essere maggiorenne quando si \u00e8 iscritto su questo sito.<br>15) in base all\u2019art 52 del Decreto Legislativo 206\/2005 e successive modifiche e integrazioni, fatte salve le eccezioni di cui all\u2019articolo 59 dello stesso decreto, il consumatore dispone di un periodo di quattordici giorni per recedere da un contratto a distanza o negoziato fuori dei locali commerciali senza dover fornire alcuna motivazione e senza dover sostenere costi diversi da quelli previsti all\u2019articolo 56, comma 2, e all\u2019articolo 57. Per la natura del preordine tale diritto partir\u00e0 e verr\u00e0 conteggiato dal giorno in cui verr\u00e0 ricevuto il prodotto a casa.<br>16) riguardo i tempi di spedizione il potenziale cliente, accettando la natura del pre-ordine quando clicca il tasto acquista\/aggiungendo il prodotto al carrello e rilasciando i suoi dati, accetta senza riserva alcuna che i tempi di operativit\u00e0 della societ\u00e0 distributrice\/produttrice sono i seguenti:\u2013 Preordine inoltrato fino alle 14.00, telefonata entro 2 ore, dalla conferma telefonica 30 minuti per l\u2019imballaggio e il ritiro dell\u2019oggetto da parte del corriere presso il distributore\/produttore, e consegna in 1 o 2 giorni lavorativi.\u2013 Preordine inoltrato dopo le 14.00, telefonata entro 12 ore, dalla conferma telefonica 30 minuti per l\u2019imballaggio e il ritiro dell\u2019oggetto da parte del corriere presso il distributore\/produttore, e consegna in 1 o 2 giorni lavorativi. Il potenziale cliente dunque accetta che i tempi possano variare a causa della sua mancata risposta alla telefonata obbligatoria di conferma da parte del distributore, e non potr\u00e0 dunque rivalersi nei confronti di&nbsp;<span style=\"letter-spacing: -0.27px;\">Benvenuti Store<\/span>&nbsp;in alcun modo per ritardi eventuali.<br>17) Per la mera natura pubblicitaria del servizio, ogni feedback negativo anche solo nel commento per inefficacia del prodotto, rilasciato senza prove, sar\u00e0 segnalato per la rimozione ed eliminato.<br>18)&nbsp;<span style=\"letter-spacing: -0.27px;\">Benvenuti Store<\/span>, il network di affiliazione, le societ\u00e0 distributrici\/produttrici non possono in alcun modo essere considerati responsabili in caso di insorgenza di patologie e\/o qualunque tipo di condizione fisica indicata come malessere o comunque negativa per la salute. Ci\u00f2 in quanto \u00e8 inserita al punto 13 in questi termini e condizioni, un\u2019informativa che consiglia il potenziale cliente PRIMA del pre-ordine, a recarsi dal proprio medico curante e\/o specialista, per sapere con certezza se la propria condizione fisica gli consente di poter assumere o entrare in contatto con il prodotto in qualunque modo, senza correre alcun rischio di salute. Il potenziale acquirente non solo \u00e8 informato per essere reso pi\u00f9 consapevole dei rischi derivanti anche solo dal contatto con il prodotto nel proprio caso specifico, ma \u00e8 anche in pi\u00f9 punti della descrizione, invogliato a NON rilasciare i propri dati in assenza di precedente consulto medico che ne nega l\u2019utilizzo in modo certificato.<br>19) Nessun termine scritto ed utilizzato in qualunque piattaforma online dallo staff della piattaforma stessa, per per nessun motivo pu\u00f2 essere interpretato per mutare la natura societaria di&nbsp;<span style=\"letter-spacing: -0.27px;\">Benvenuti Store<\/span>. Ad esempio, se l\u2019eccomerce o altre piattaforme identificano come venditore&nbsp;<span style=\"letter-spacing: -0.27px;\">Benvenuti Store<\/span>, ci\u00f2 non significa che la stessa sia realmente una societ\u00e0 che abbia uno scopo commerciale, o che proponga le inserzioni pubblicitarie per vendere e\/o far nascere una transazione commerciale diretta tra se stessa e un potenziale cliente.<br>Effettuando un acquisto e quindi un pagamento, accetti ogni parola di quanto scritto.<\/p>\n<\/div>\n<div>\n<div>\n<div>&nbsp;<\/div>\n<\/div>\n<\/div>\t\t\t\t\t\t\t\t<\/div>\n\t\t\t\t<\/div>\n\t\t\t\t\t<\/div>\n\t\t<\/div>\n\t\t\t\t\t<\/div>\n\t\t<\/section>\n\t\t\t\t<section data-particle_enable=\"false\" data-particle-mobile-disabled=\"false\" class=\"elementor-section elementor-top-section elementor-element elementor-element-6295b60 elementor-section-boxed elementor-section-height-default elementor-section-height-default\" data-id=\"6295b60\" data-element_type=\"section\" data-e-type=\"section\" data-settings=\"{&quot;background_background&quot;:&quot;classic&quot;}\">\n\t\t\t\t\t\t<div class=\"elementor-container elementor-column-gap-default\">\n\t\t\t\t\t<div class=\"elementor-column elementor-col-33 elementor-top-column elementor-element elementor-element-74d2c53\" data-id=\"74d2c53\" data-element_type=\"column\" data-e-type=\"column\">\n\t\t\t<div class=\"elementor-widget-wrap elementor-element-populated\">\n\t\t\t\t\t\t<div class=\"elementor-element elementor-element-8355b57 elementor-widget-divider--view-line elementor-widget elementor-widget-divider\" data-id=\"8355b57\" data-element_type=\"widget\" data-e-type=\"widget\" data-widget_type=\"divider.default\">\n\t\t\t\t<div class=\"elementor-widget-container\">\n\t\t\t\t\t\t\t<div class=\"elementor-divider\">\n\t\t\t<span class=\"elementor-divider-separator\">\n\t\t\t\t\t\t<\/span>\n\t\t<\/div>\n\t\t\t\t\t\t<\/div>\n\t\t\t\t<\/div>\n\t\t\t\t<div class=\"elementor-element elementor-element-bb26b1b elementor-widget elementor-widget-text-editor\" data-id=\"bb26b1b\" data-element_type=\"widget\" data-e-type=\"widget\" data-widget_type=\"text-editor.default\">\n\t\t\t\t<div class=\"elementor-widget-container\">\n\t\t\t\t\t\t\t\t\t<p>Esplora. Scegli. Acquista.<\/p>\t\t\t\t\t\t\t\t<\/div>\n\t\t\t\t<\/div>\n\t\t\t\t<div class=\"elementor-element elementor-element-f4db77e elementor-widget elementor-widget-text-editor\" data-id=\"f4db77e\" data-element_type=\"widget\" data-e-type=\"widget\" data-widget_type=\"text-editor.default\">\n\t\t\t\t<div class=\"elementor-widget-container\">\n\t\t\t\t\t\t\t\t\t<p>info@dermatologiss.com<\/p>\t\t\t\t\t\t\t\t<\/div>\n\t\t\t\t<\/div>\n\t\t\t\t\t<\/div>\n\t\t<\/div>\n\t\t\t\t<div class=\"elementor-column elementor-col-33 elementor-top-column elementor-element elementor-element-5bb7846\" data-id=\"5bb7846\" data-element_type=\"column\" data-e-type=\"column\">\n\t\t\t<div class=\"elementor-widget-wrap elementor-element-populated\">\n\t\t\t\t\t\t<div class=\"elementor-element elementor-element-5e28c43 elementor-widget-divider--view-line elementor-widget elementor-widget-divider\" data-id=\"5e28c43\" data-element_type=\"widget\" data-e-type=\"widget\" data-widget_type=\"divider.default\">\n\t\t\t\t<div class=\"elementor-widget-container\">\n\t\t\t\t\t\t\t<div class=\"elementor-divider\">\n\t\t\t<span class=\"elementor-divider-separator\">\n\t\t\t\t\t\t<\/span>\n\t\t<\/div>\n\t\t\t\t\t\t<\/div>\n\t\t\t\t<\/div>\n\t\t\t\t<div class=\"elementor-element elementor-element-37087bb elementor-widget elementor-widget-heading\" data-id=\"37087bb\" data-element_type=\"widget\" data-e-type=\"widget\" data-widget_type=\"heading.default\">\n\t\t\t\t<div class=\"elementor-widget-container\">\n\t\t\t\t\t<h2 class=\"elementor-heading-title elementor-size-default\">LINK UTILI<\/h2>\t\t\t\t<\/div>\n\t\t\t\t<\/div>\n\t\t\t\t<div class=\"elementor-element elementor-element-44fcdc7 elementor-widget elementor-widget-heading\" data-id=\"44fcdc7\" data-element_type=\"widget\" data-e-type=\"widget\" data-widget_type=\"heading.default\">\n\t\t\t\t<div class=\"elementor-widget-container\">\n\t\t\t\t\t<h2 class=\"elementor-heading-title elementor-size-default\"><a href=\"https:\/\/dermatologiss.com\/sr\/privacy-and-cookie-policy\/\">Privacy e Cookie Policy<\/a><\/h2>\t\t\t\t<\/div>\n\t\t\t\t<\/div>\n\t\t\t\t<div class=\"elementor-element elementor-element-3671c07 elementor-widget elementor-widget-heading\" data-id=\"3671c07\" data-element_type=\"widget\" data-e-type=\"widget\" data-widget_type=\"heading.default\">\n\t\t\t\t<div class=\"elementor-widget-container\">\n\t\t\t\t\t<h2 class=\"elementor-heading-title elementor-size-default\"><a href=\"https:\/\/dermatologiss.com\/sr\/termini-e-condizioni\/\">Termini&amp;Condizioni<\/a><\/h2>\t\t\t\t<\/div>\n\t\t\t\t<\/div>\n\t\t\t\t<div class=\"elementor-element elementor-element-c7050a8 elementor-widget elementor-widget-heading\" data-id=\"c7050a8\" data-element_type=\"widget\" data-e-type=\"widget\" data-widget_type=\"heading.default\">\n\t\t\t\t<div class=\"elementor-widget-container\">\n\t\t\t\t\t<h2 class=\"elementor-heading-title elementor-size-default\"><a href=\"https:\/\/dermatologiss.com\/sr\/cookie-policy\/\">Cookie Policy<\/a><\/h2>\t\t\t\t<\/div>\n\t\t\t\t<\/div>\n\t\t\t\t<div class=\"elementor-element elementor-element-c18684e elementor-widget elementor-widget-heading\" data-id=\"c18684e\" data-element_type=\"widget\" data-e-type=\"widget\" data-widget_type=\"heading.default\">\n\t\t\t\t<div class=\"elementor-widget-container\">\n\t\t\t\t\t<h2 class=\"elementor-heading-title elementor-size-default\"><a href=\"https:\/\/dermatologiss.com\/sr\/contatti-2\/\">Contattaci<\/a><\/h2>\t\t\t\t<\/div>\n\t\t\t\t<\/div>\n\t\t\t\t\t<\/div>\n\t\t<\/div>\n\t\t\t\t<div class=\"elementor-column elementor-col-33 elementor-top-column elementor-element elementor-element-3374c50\" data-id=\"3374c50\" data-element_type=\"column\" data-e-type=\"column\">\n\t\t\t<div class=\"elementor-widget-wrap elementor-element-populated\">\n\t\t\t\t\t\t<div class=\"elementor-element elementor-element-75b2736 elementor-widget-divider--view-line elementor-widget elementor-widget-divider\" data-id=\"75b2736\" data-element_type=\"widget\" data-e-type=\"widget\" data-widget_type=\"divider.default\">\n\t\t\t\t<div class=\"elementor-widget-container\">\n\t\t\t\t\t\t\t<div class=\"elementor-divider\">\n\t\t\t<span class=\"elementor-divider-separator\">\n\t\t\t\t\t\t<\/span>\n\t\t<\/div>\n\t\t\t\t\t\t<\/div>\n\t\t\t\t<\/div>\n\t\t\t\t<div class=\"elementor-element elementor-element-33721b2 elementor-widget elementor-widget-heading\" data-id=\"33721b2\" data-element_type=\"widget\" data-e-type=\"widget\" data-widget_type=\"heading.default\">\n\t\t\t\t<div class=\"elementor-widget-container\">\n\t\t\t\t\t<h2 class=\"elementor-heading-title elementor-size-default\">CONSEGNA<\/h2>\t\t\t\t<\/div>\n\t\t\t\t<\/div>\n\t\t\t\t<div class=\"elementor-element elementor-element-dde330d elementor-widget elementor-widget-heading\" data-id=\"dde330d\" data-element_type=\"widget\" data-e-type=\"widget\" data-widget_type=\"heading.default\">\n\t\t\t\t<div class=\"elementor-widget-container\">\n\t\t\t\t\t<h2 class=\"elementor-heading-title elementor-size-default\"><a href=\"https:\/\/dermatologiss.com\/sr\/spedizione-e-consegna\/\">Politica di Consegna<\/a><\/h2>\t\t\t\t<\/div>\n\t\t\t\t<\/div>\n\t\t\t\t<div class=\"elementor-element elementor-element-ee66eaf elementor-widget elementor-widget-heading\" data-id=\"ee66eaf\" data-element_type=\"widget\" data-e-type=\"widget\" data-widget_type=\"heading.default\">\n\t\t\t\t<div class=\"elementor-widget-container\">\n\t\t\t\t\t<h2 class=\"elementor-heading-title elementor-size-default\"><a href=\"https:\/\/dermatologiss.com\/sr\/politica-di-rimborso\/\">Politica di Rimborso<\/a><\/h2>\t\t\t\t<\/div>\n\t\t\t\t<\/div>\n\t\t\t\t\t<\/div>\n\t\t<\/div>\n\t\t\t\t\t<\/div>\n\t\t<\/section>\n\t\t\t\t<\/div>","protected":false},"excerpt":{"rendered":"<p>TERMINI E CONDIZIONI DERMATOLOGISS BRAND Termini e Condizioni prevendita 1) il potenziale cliente accetta senza riserva alcuna ed \u00e8 consapevole che il rapporto giuridico, legale, civile, economico e fiscale nascente dall\u2019acquisto del presente prodotto \u00e8 da intendersi \u201ctra il privato acquirente\u201d e la \u201csociet\u00e0 produttrice\/distributrice del prodotto\u201d.2) il potenziale cliente \u00e8 consapevole informato e cosciente [&hellip;]<\/p>","protected":false},"author":1,"featured_media":0,"parent":0,"menu_order":0,"comment_status":"closed","ping_status":"closed","template":"elementor_canvas","meta":{"footnotes":""},"class_list":["post-82","page","type-page","status-publish","hentry"],"_links":{"self":[{"href":"https:\/\/dermatologiss.com\/sr\/wp-json\/wp\/v2\/pages\/82","targetHints":{"allow":["GET"]}}],"collection":[{"href":"https:\/\/dermatologiss.com\/sr\/wp-json\/wp\/v2\/pages"}],"about":[{"href":"https:\/\/dermatologiss.com\/sr\/wp-json\/wp\/v2\/types\/page"}],"author":[{"embeddable":true,"href":"https:\/\/dermatologiss.com\/sr\/wp-json\/wp\/v2\/users\/1"}],"replies":[{"embeddable":true,"href":"https:\/\/dermatologiss.com\/sr\/wp-json\/wp\/v2\/comments?post=82"}],"version-history":[{"count":6,"href":"https:\/\/dermatologiss.com\/sr\/wp-json\/wp\/v2\/pages\/82\/revisions"}],"predecessor-version":[{"id":1421,"href":"https:\/\/dermatologiss.com\/sr\/wp-json\/wp\/v2\/pages\/82\/revisions\/1421"}],"wp:attachment":[{"href":"https:\/\/dermatologiss.com\/sr\/wp-json\/wp\/v2\/media?parent=82"}],"curies":[{"name":"wp","href":"https:\/\/api.w.org\/{rel}","templated":true}]}}