{"id":86,"date":"2023-11-23T23:50:42","date_gmt":"2023-11-23T23:50:42","guid":{"rendered":"https:\/\/dermatologiss.com\/?page_id=86"},"modified":"2024-05-21T15:30:10","modified_gmt":"2024-05-21T15:30:10","slug":"spedizione-e-consegna","status":"publish","type":"page","link":"https:\/\/dermatologiss.com\/sl\/spedizione-e-consegna\/","title":{"rendered":"po\u0161iljanje in dostava"},"content":{"rendered":"<div data-elementor-type=\"wp-page\" data-elementor-id=\"86\" class=\"elementor elementor-86\" data-elementor-post-type=\"page\">\n\t\t\t\t\t\t<section data-particle_enable=\"false\" data-particle-mobile-disabled=\"false\" class=\"elementor-section elementor-top-section elementor-element elementor-element-5da41b0a elementor-section-boxed elementor-section-height-default elementor-section-height-default\" data-id=\"5da41b0a\" data-element_type=\"section\" data-e-type=\"section\">\n\t\t\t\t\t\t<div class=\"elementor-container elementor-column-gap-default\">\n\t\t\t\t\t<div class=\"elementor-column elementor-col-100 elementor-top-column elementor-element elementor-element-40c408a2\" data-id=\"40c408a2\" data-element_type=\"column\" data-e-type=\"column\">\n\t\t\t<div class=\"elementor-widget-wrap elementor-element-populated\">\n\t\t\t\t\t\t<div class=\"elementor-element elementor-element-577efdc1 elementor-widget elementor-widget-heading\" data-id=\"577efdc1\" data-element_type=\"widget\" data-e-type=\"widget\" data-widget_type=\"heading.default\">\n\t\t\t\t<div class=\"elementor-widget-container\">\n\t\t\t\t\t<h2 class=\"elementor-heading-title elementor-size-default\">Pravila dostave<\/h2>\t\t\t\t<\/div>\n\t\t\t\t<\/div>\n\t\t\t\t<div class=\"elementor-element elementor-element-259ede3b elementor-widget elementor-widget-text-editor\" data-id=\"259ede3b\" data-element_type=\"widget\" data-e-type=\"widget\" data-widget_type=\"text-editor.default\">\n\t\t\t\t<div class=\"elementor-widget-container\">\n\t\t\t\t\t\t\t\t\t<div class=\"shipping-page-item\"><div class=\"shipping-page-item__text\"><div id=\"translation\"><div class=\"gtx-body\"><p><strong>INFORMACIJE O PO\u0160ILJANJU<\/strong><\/p><p><strong>Izdelke dostavljajo po vsej Italiji in tudi v tujino.<\/strong><br \/>Va\u0161e naro\u010dilo lahko po\u0161ljemo na izbrani naslov (domov, v slu\u017ebo itd. - ne v po\u0161tni predal). Ve\u010dino izdelkov obi\u010dajno po\u0161ljemo v 24 urah, dolo\u010dene izdelke pa v pribli\u017eno 72 urah. \u010cas po\u0161iljanja je jasno naveden ob nakupu. \u010cas po\u0161iljanja je obi\u010dajno 2-3 delovne dni.<\/p><p><strong>STRO\u0160KI PO\u0160ILJANJA<\/strong><br \/>Kot je obi\u010dajno, po\u0161iljke vklju\u010dujejo ekspresno storitev, stro\u0161ke prevoza, sledenje po\u0161iljki in podpis ob dostavi, da se zagotovi stanje blaga.<\/p><p>Za nekatere izdelke ponujamo brezpla\u010dno dostavo, za druge kategorije izdelkov pa pla\u010dljivo dostavo. Po oddaji naro\u010dila vas bomo kontaktirali in vas obvestili o ceni dostave.<\/p><h5><b>Vra\u010da<\/b><\/h5><p>\u010ce \u017eelite izdelek vrniti, ga morate poslati na naslov: Vra\u010dilo mora biti poslano na {fizi\u010dni naslov}.<\/p><p>Za vra\u010dilo izdelka boste morali sami pla\u010dati stro\u0161ke po\u0161iljanja. Stro\u0161ki po\u0161iljanja se ne povrnejo. \u010ce prejmete povra\u010dilo, bodo stro\u0161ki povratnega po\u0161iljanja od\u0161teti od povra\u010dila.<\/p><p>Glede na to, kje \u017eivite, je lahko \u010das, v katerem bo izmenjani izdelek prispel do vas, razli\u010den.<\/p><p>\u010ce vra\u010date dra\u017eje predmete, lahko razmislite o uporabi storitve za sledenje po\u0161iljk ali nakupu zavarovanja po\u0161iljke. Ne jam\u010dimo, da bomo vrnjeni izdelek prejeli.<\/p><\/div><\/div><\/div><\/div>\t\t\t\t\t\t\t\t<\/div>\n\t\t\t\t<\/div>\n\t\t\t\t\t<\/div>\n\t\t<\/div>\n\t\t\t\t\t<\/div>\n\t\t<\/section>\n\t\t\t\t<section data-particle_enable=\"false\" data-particle-mobile-disabled=\"false\" class=\"elementor-section elementor-top-section elementor-element elementor-element-c5d7575 elementor-section-boxed elementor-section-height-default elementor-section-height-default\" data-id=\"c5d7575\" data-element_type=\"section\" data-e-type=\"section\" data-settings=\"{&quot;background_background&quot;:&quot;classic&quot;}\">\n\t\t\t\t\t\t<div class=\"elementor-container elementor-column-gap-default\">\n\t\t\t\t\t<div class=\"elementor-column elementor-col-33 elementor-top-column elementor-element elementor-element-503cdc4\" data-id=\"503cdc4\" data-element_type=\"column\" data-e-type=\"column\">\n\t\t\t<div class=\"elementor-widget-wrap elementor-element-populated\">\n\t\t\t\t\t\t<div class=\"elementor-element elementor-element-42042dd elementor-widget-divider--view-line elementor-widget elementor-widget-divider\" data-id=\"42042dd\" data-element_type=\"widget\" data-e-type=\"widget\" data-widget_type=\"divider.default\">\n\t\t\t\t<div class=\"elementor-widget-container\">\n\t\t\t\t\t\t\t<div class=\"elementor-divider\">\n\t\t\t<span class=\"elementor-divider-separator\">\n\t\t\t\t\t\t<\/span>\n\t\t<\/div>\n\t\t\t\t\t\t<\/div>\n\t\t\t\t<\/div>\n\t\t\t\t<div class=\"elementor-element elementor-element-5868e0d elementor-widget elementor-widget-text-editor\" data-id=\"5868e0d\" data-element_type=\"widget\" data-e-type=\"widget\" data-widget_type=\"text-editor.default\">\n\t\t\t\t<div class=\"elementor-widget-container\">\n\t\t\t\t\t\t\t\t\t<p>Razi\u0161\u010dite. Izberite. Kupite.<\/p>\t\t\t\t\t\t\t\t<\/div>\n\t\t\t\t<\/div>\n\t\t\t\t<div class=\"elementor-element elementor-element-239ab92 elementor-widget elementor-widget-text-editor\" data-id=\"239ab92\" data-element_type=\"widget\" data-e-type=\"widget\" data-widget_type=\"text-editor.default\">\n\t\t\t\t<div class=\"elementor-widget-container\">\n\t\t\t\t\t\t\t\t\t<p>info@dermatologiss.com<\/p>\t\t\t\t\t\t\t\t<\/div>\n\t\t\t\t<\/div>\n\t\t\t\t\t<\/div>\n\t\t<\/div>\n\t\t\t\t<div class=\"elementor-column elementor-col-33 elementor-top-column elementor-element elementor-element-701edd4\" data-id=\"701edd4\" data-element_type=\"column\" data-e-type=\"column\">\n\t\t\t<div class=\"elementor-widget-wrap elementor-element-populated\">\n\t\t\t\t\t\t<div class=\"elementor-element elementor-element-bfc670b elementor-widget-divider--view-line elementor-widget elementor-widget-divider\" data-id=\"bfc670b\" data-element_type=\"widget\" data-e-type=\"widget\" data-widget_type=\"divider.default\">\n\t\t\t\t<div class=\"elementor-widget-container\">\n\t\t\t\t\t\t\t<div class=\"elementor-divider\">\n\t\t\t<span class=\"elementor-divider-separator\">\n\t\t\t\t\t\t<\/span>\n\t\t<\/div>\n\t\t\t\t\t\t<\/div>\n\t\t\t\t<\/div>\n\t\t\t\t<div class=\"elementor-element elementor-element-4d71d0e elementor-widget elementor-widget-heading\" data-id=\"4d71d0e\" data-element_type=\"widget\" data-e-type=\"widget\" data-widget_type=\"heading.default\">\n\t\t\t\t<div class=\"elementor-widget-container\">\n\t\t\t\t\t<h2 class=\"elementor-heading-title elementor-size-default\">KORISTNE POVEZAVE<\/h2>\t\t\t\t<\/div>\n\t\t\t\t<\/div>\n\t\t\t\t<div class=\"elementor-element elementor-element-ec535db elementor-widget elementor-widget-heading\" data-id=\"ec535db\" data-element_type=\"widget\" data-e-type=\"widget\" data-widget_type=\"heading.default\">\n\t\t\t\t<div class=\"elementor-widget-container\">\n\t\t\t\t\t<h2 class=\"elementor-heading-title elementor-size-default\"><a href=\"https:\/\/dermatologiss.com\/sl\/privacy-and-cookie-policy\/\">Pravilnik o zasebnosti in pi\u0161kotkih<\/a><\/h2>\t\t\t\t<\/div>\n\t\t\t\t<\/div>\n\t\t\t\t<div class=\"elementor-element elementor-element-02855d4 elementor-widget elementor-widget-heading\" data-id=\"02855d4\" data-element_type=\"widget\" data-e-type=\"widget\" data-widget_type=\"heading.default\">\n\t\t\t\t<div class=\"elementor-widget-container\">\n\t\t\t\t\t<h2 class=\"elementor-heading-title elementor-size-default\"><a href=\"https:\/\/dermatologiss.com\/sl\/termini-e-condizioni\/\">Pogoji in dolo\u010dila<\/a><\/h2>\t\t\t\t<\/div>\n\t\t\t\t<\/div>\n\t\t\t\t<div class=\"elementor-element elementor-element-0f47b2a elementor-widget elementor-widget-heading\" data-id=\"0f47b2a\" data-element_type=\"widget\" data-e-type=\"widget\" data-widget_type=\"heading.default\">\n\t\t\t\t<div class=\"elementor-widget-container\">\n\t\t\t\t\t<h2 class=\"elementor-heading-title elementor-size-default\"><a href=\"https:\/\/dermatologiss.com\/sl\/cookie-policy\/\">Pravilnik o pi\u0161kotkih<\/a><\/h2>\t\t\t\t<\/div>\n\t\t\t\t<\/div>\n\t\t\t\t<div class=\"elementor-element elementor-element-cd67e09 elementor-widget elementor-widget-heading\" data-id=\"cd67e09\" data-element_type=\"widget\" data-e-type=\"widget\" data-widget_type=\"heading.default\">\n\t\t\t\t<div class=\"elementor-widget-container\">\n\t\t\t\t\t<h2 class=\"elementor-heading-title elementor-size-default\"><a href=\"https:\/\/dermatologiss.com\/sl\/contatti-2\/\">Pi\u0161ite nam<\/a><\/h2>\t\t\t\t<\/div>\n\t\t\t\t<\/div>\n\t\t\t\t\t<\/div>\n\t\t<\/div>\n\t\t\t\t<div class=\"elementor-column elementor-col-33 elementor-top-column elementor-element elementor-element-ac820d0\" data-id=\"ac820d0\" data-element_type=\"column\" data-e-type=\"column\">\n\t\t\t<div class=\"elementor-widget-wrap elementor-element-populated\">\n\t\t\t\t\t\t<div class=\"elementor-element elementor-element-f3562bf elementor-widget-divider--view-line elementor-widget elementor-widget-divider\" data-id=\"f3562bf\" data-element_type=\"widget\" data-e-type=\"widget\" data-widget_type=\"divider.default\">\n\t\t\t\t<div class=\"elementor-widget-container\">\n\t\t\t\t\t\t\t<div class=\"elementor-divider\">\n\t\t\t<span class=\"elementor-divider-separator\">\n\t\t\t\t\t\t<\/span>\n\t\t<\/div>\n\t\t\t\t\t\t<\/div>\n\t\t\t\t<\/div>\n\t\t\t\t<div class=\"elementor-element elementor-element-3c9944e elementor-widget elementor-widget-heading\" data-id=\"3c9944e\" data-element_type=\"widget\" data-e-type=\"widget\" data-widget_type=\"heading.default\">\n\t\t\t\t<div class=\"elementor-widget-container\">\n\t\t\t\t\t<h2 class=\"elementor-heading-title elementor-size-default\">DOSTAVA<\/h2>\t\t\t\t<\/div>\n\t\t\t\t<\/div>\n\t\t\t\t<div class=\"elementor-element elementor-element-67205f8 elementor-widget elementor-widget-heading\" data-id=\"67205f8\" data-element_type=\"widget\" data-e-type=\"widget\" data-widget_type=\"heading.default\">\n\t\t\t\t<div class=\"elementor-widget-container\">\n\t\t\t\t\t<h2 class=\"elementor-heading-title elementor-size-default\"><a href=\"https:\/\/dermatologiss.com\/sl\/spedizione-e-consegna\/\">Politika dostave<\/a><\/h2>\t\t\t\t<\/div>\n\t\t\t\t<\/div>\n\t\t\t\t<div class=\"elementor-element elementor-element-7e1b449 elementor-widget elementor-widget-heading\" data-id=\"7e1b449\" data-element_type=\"widget\" data-e-type=\"widget\" data-widget_type=\"heading.default\">\n\t\t\t\t<div class=\"elementor-widget-container\">\n\t\t\t\t\t<h2 class=\"elementor-heading-title elementor-size-default\"><a href=\"https:\/\/dermatologiss.com\/sl\/politica-di-rimborso\/\">Pravilnik o vra\u010dilu denarja<\/a><\/h2>\t\t\t\t<\/div>\n\t\t\t\t<\/div>\n\t\t\t\t\t<\/div>\n\t\t<\/div>\n\t\t\t\t\t<\/div>\n\t\t<\/section>\n\t\t\t\t<\/div>","protected":false},"excerpt":{"rendered":"<p>Politiche sulla Spedizione INFORMAZIONI SULLE SPEDIZIONI I prodotti vengono consegnati in tutta Italia ma anche all\u2019estero.Il vostro ordine pu\u00f2 essere inviato a un indirizzo da voi selezionato (casa, lavoro, ecc \u2013 non una casella postale). Solitamente spediamo entro 24 ore per la maggior parte degli articoli e in circa 72 ore per articoli specifici. I [&hellip;]<\/p>","protected":false},"author":1,"featured_media":0,"parent":0,"menu_order":0,"comment_status":"closed","ping_status":"closed","template":"elementor_canvas","meta":{"footnotes":""},"class_list":["post-86","page","type-page","status-publish","hentry"],"_links":{"self":[{"href":"https:\/\/dermatologiss.com\/sl\/wp-json\/wp\/v2\/pages\/86","targetHints":{"allow":["GET"]}}],"collection":[{"href":"https:\/\/dermatologiss.com\/sl\/wp-json\/wp\/v2\/pages"}],"about":[{"href":"https:\/\/dermatologiss.com\/sl\/wp-json\/wp\/v2\/types\/page"}],"author":[{"embeddable":true,"href":"https:\/\/dermatologiss.com\/sl\/wp-json\/wp\/v2\/users\/1"}],"replies":[{"embeddable":true,"href":"https:\/\/dermatologiss.com\/sl\/wp-json\/wp\/v2\/comments?post=86"}],"version-history":[{"count":9,"href":"https:\/\/dermatologiss.com\/sl\/wp-json\/wp\/v2\/pages\/86\/revisions"}],"predecessor-version":[{"id":1415,"href":"https:\/\/dermatologiss.com\/sl\/wp-json\/wp\/v2\/pages\/86\/revisions\/1415"}],"wp:attachment":[{"href":"https:\/\/dermatologiss.com\/sl\/wp-json\/wp\/v2\/media?parent=86"}],"curies":[{"name":"wp","href":"https:\/\/api.w.org\/{rel}","templated":true}]}}