{"id":1379,"date":"2024-05-21T15:15:20","date_gmt":"2024-05-21T15:15:20","guid":{"rendered":"https:\/\/dermatologiss.com\/?page_id=1379"},"modified":"2024-05-23T07:25:46","modified_gmt":"2024-05-23T07:25:46","slug":"politica-di-rimborso","status":"publish","type":"page","link":"https:\/\/dermatologiss.com\/sl\/politica-di-rimborso\/","title":{"rendered":"Pravilnik o vra\u010dilu denarja"},"content":{"rendered":"<div data-elementor-type=\"wp-page\" data-elementor-id=\"1379\" class=\"elementor elementor-1379\" data-elementor-post-type=\"page\">\n\t\t\t\t\t\t<section data-particle_enable=\"false\" data-particle-mobile-disabled=\"false\" class=\"elementor-section elementor-top-section elementor-element elementor-element-5da41b0a elementor-section-boxed elementor-section-height-default elementor-section-height-default\" data-id=\"5da41b0a\" data-element_type=\"section\" data-e-type=\"section\">\n\t\t\t\t\t\t<div class=\"elementor-container elementor-column-gap-default\">\n\t\t\t\t\t<div class=\"elementor-column elementor-col-100 elementor-top-column elementor-element elementor-element-40c408a2\" data-id=\"40c408a2\" data-element_type=\"column\" data-e-type=\"column\">\n\t\t\t<div class=\"elementor-widget-wrap elementor-element-populated\">\n\t\t\t\t\t\t<div class=\"elementor-element elementor-element-577efdc1 elementor-widget elementor-widget-heading\" data-id=\"577efdc1\" data-element_type=\"widget\" data-e-type=\"widget\" data-widget_type=\"heading.default\">\n\t\t\t\t<div class=\"elementor-widget-container\">\n\t\t\t\t\t<h2 class=\"elementor-heading-title elementor-size-default\">Pravilnik o vra\u010dilu denarja<\/h2>\t\t\t\t<\/div>\n\t\t\t\t<\/div>\n\t\t\t\t<div class=\"elementor-element elementor-element-259ede3b elementor-widget elementor-widget-text-editor\" data-id=\"259ede3b\" data-element_type=\"widget\" data-e-type=\"widget\" data-widget_type=\"text-editor.default\">\n\t\t\t\t<div class=\"elementor-widget-container\">\n\t\t\t\t\t\t\t\t\t<div class=\"shipping-page-item\">\n<div class=\"shipping-page-item__text\">\n<div id=\"translation\">\n<div class=\"gtx-body\">\n<p>Na\u0161 pravilnik o vra\u010dilu in vra\u010dilu traja 14 dni. \u010ce je od va\u0161ega nakupa minilo 14 dni, vam ne moremo ponuditi celotnega povra\u010dila ali zamenjave.<\/p>\n<p>\u010ce \u017eelite, da je izdelek upravi\u010den do vra\u010dila, mora biti neuporabljen in v enakem stanju, v kakr\u0161nem ste ga prejeli. Prav tako mora biti v originalni embala\u017ei.<\/p>\n<p>Ve\u010d vrst blaga je opro\u0161\u010denih vra\u010dila. Hitro pokvarljivega blaga, kot so hrana, cvetje, \u010dasopisi ali revije, ni mogo\u010de vrniti. Poleg tega ne sprejemamo intimnih in sanitarnih izdelkov, nevarnih materialov ter vnetljivih teko\u010din ali plinov.<\/p>\n<p>Dodatni predmeti, ki jih ni mogo\u010de vrniti:<\/p>\n<ul>\n<li>Darilne kartice<\/li>\n<li>Programski izdelki, ki jih je mogo\u010de prenesti<\/li>\n<li>Nekateri izdelki za zdravje in osebno nego<\/li>\n<\/ul>\n<div>&nbsp;<\/div>\n<div><p>Za dokon\u010danje vra\u010dila potrebujemo ra\u010dun ali dokazilo o nakupu.<\/p>\n<\/div>\n<p>Nakupa ne po\u0161iljajte nazaj proizvajalcu.<\/p>\n<p>V nekaterih primerih se odobrijo le delna povra\u010dila:<\/p>\n<ul>\n<li>Knjiga z o\u010ditnimi znaki uporabe<\/li>\n<li>CD-ji, DVD-ji, kasete VHS, programska oprema, videoigre, kasete ali vinilne plo\u0161\u010de, ki so bile odprte.<\/li>\n<\/ul>\n<div>&nbsp;<\/div>\n<p>Vsak izdelek, ki ni v prvotnem stanju, je po\u0161kodovan ali mu manjkajo deli iz razlogov, ki niso posledica na\u0161e krivde.<br>Vsak izdelek, vrnjen ve\u010d kot 30 dni po dostavi.<\/p>\n<p><\/p>\n<h5><b>Vra\u010dilo<\/b><\/h5>\n<p>Ko bomo prejeli in pregledali va\u0161 vrnjeni izdelek, vam bomo poslali e-po\u0161tno sporo\u010dilo, v katerem vas bomo obvestili, da smo prejeli vrnjeni izdelek. Prav tako vas bomo obvestili o odobritvi ali zavrnitvi vra\u010dila.<\/p>\n<p>\u010ce vam bo povra\u010dilo odobreno, bo obdelano in v dolo\u010denem \u0161tevilu dni bo na va\u0161o kreditno kartico ali prvotni na\u010din pla\u010dila samodejno nakazano dobroimetje.<\/p>\n<h5><b>Zamujena ali zamujena nadomestila<\/b><\/h5>\n<p>\u010ce povra\u010dila \u0161e niste prejeli, \u0161e enkrat preverite svoj ban\u010dni ra\u010dun.<\/p>\n<p>Zato se obrnite na podjetje za kreditne kartice, saj lahko traja nekaj \u010dasa, preden bo va\u0161e vra\u010dilo uradno registrirano.<\/p>\n<p>Zato se obrnite na svojo banko. Pogosto je potrebno nekaj \u010dasa za obdelavo, preden je povra\u010dilo registrirano.<\/p>\n<p>\u010ce ste storili vse to in \u0161e vedno niste prejeli povra\u010dila, nam pi\u0161ite na <b>refund@dermatologiss.com<\/b><\/p>\n<h5><b>Prodajni artikli<\/b><\/h5>\n<p>Vra\u010dilo je mogo\u010de le za izdelke z obi\u010dajno ceno. Teh izdelkov ni mogo\u010de povrniti.<\/p>\n<h5><b>Izmenjave<\/b><\/h5>\n<p>Izdelke zamenjamo le, \u010de so okvarjeni ali po\u0161kodovani. \u010ce ga \u017eelite zamenjati z enakim izdelkom, izpolnite obrazec:<\/p>\n<\/div>\n<\/div>\n<\/div>\n<\/div>\t\t\t\t\t\t\t\t<\/div>\n\t\t\t\t<\/div>\n\t\t\t\t<div class=\"elementor-element elementor-element-cc637e0 elementor-button-align-center elementor-widget elementor-widget-form\" data-id=\"cc637e0\" data-element_type=\"widget\" data-e-type=\"widget\" data-settings=\"{&quot;step_next_label&quot;:&quot;Next&quot;,&quot;step_previous_label&quot;:&quot;Previous&quot;,&quot;button_width&quot;:&quot;100&quot;,&quot;step_type&quot;:&quot;number_text&quot;,&quot;step_icon_shape&quot;:&quot;circle&quot;}\" data-no-translation=\"\" data-widget_type=\"form.default\">\n\t\t\t\t<div class=\"elementor-widget-container\">\n\t\t\t\t\t<style>.elementor-element-cc637e0{display:none !important}<\/style>\t\t\t\t<\/div>\n\t\t\t\t<\/div>\n\t\t\t\t<div class=\"elementor-element elementor-element-9c08919 elementor-widget elementor-widget-heading\" data-id=\"9c08919\" data-element_type=\"widget\" data-e-type=\"widget\" data-widget_type=\"heading.default\">\n\t\t\t\t<div class=\"elementor-widget-container\">\n\t\t\t\t\t<h4 class=\"elementor-heading-title elementor-size-default\"><b>Naslov<\/b>: BAM - S.r.l. ulica Iuliu Maniu 57, blok OD16, vhod E, 2. nadstropje, \u0161t. 188 Bukare\u0161ta, Romunija\n<\/h4>\t\t\t\t<\/div>\n\t\t\t\t<\/div>\n\t\t\t\t\t<\/div>\n\t\t<\/div>\n\t\t\t\t\t<\/div>\n\t\t<\/section>\n\t\t\t\t<section data-particle_enable=\"false\" data-particle-mobile-disabled=\"false\" class=\"elementor-section elementor-top-section elementor-element elementor-element-2bd0c56 elementor-section-boxed elementor-section-height-default elementor-section-height-default\" data-id=\"2bd0c56\" data-element_type=\"section\" data-e-type=\"section\" data-settings=\"{&quot;background_background&quot;:&quot;classic&quot;}\">\n\t\t\t\t\t\t<div class=\"elementor-container elementor-column-gap-default\">\n\t\t\t\t\t<div class=\"elementor-column elementor-col-33 elementor-top-column elementor-element elementor-element-274387a\" data-id=\"274387a\" data-element_type=\"column\" data-e-type=\"column\">\n\t\t\t<div class=\"elementor-widget-wrap elementor-element-populated\">\n\t\t\t\t\t\t<div class=\"elementor-element elementor-element-b786d28 elementor-widget-divider--view-line elementor-widget elementor-widget-divider\" data-id=\"b786d28\" data-element_type=\"widget\" data-e-type=\"widget\" data-widget_type=\"divider.default\">\n\t\t\t\t<div class=\"elementor-widget-container\">\n\t\t\t\t\t\t\t<div class=\"elementor-divider\">\n\t\t\t<span class=\"elementor-divider-separator\">\n\t\t\t\t\t\t<\/span>\n\t\t<\/div>\n\t\t\t\t\t\t<\/div>\n\t\t\t\t<\/div>\n\t\t\t\t<div class=\"elementor-element elementor-element-5ef689a elementor-widget elementor-widget-text-editor\" data-id=\"5ef689a\" data-element_type=\"widget\" data-e-type=\"widget\" data-widget_type=\"text-editor.default\">\n\t\t\t\t<div class=\"elementor-widget-container\">\n\t\t\t\t\t\t\t\t\t<p>Razi\u0161\u010dite. Izberite. Kupite.<\/p>\t\t\t\t\t\t\t\t<\/div>\n\t\t\t\t<\/div>\n\t\t\t\t<div class=\"elementor-element elementor-element-e4f32da elementor-widget elementor-widget-text-editor\" data-id=\"e4f32da\" data-element_type=\"widget\" data-e-type=\"widget\" data-widget_type=\"text-editor.default\">\n\t\t\t\t<div class=\"elementor-widget-container\">\n\t\t\t\t\t\t\t\t\t<p>info@dermatologiss.com<\/p>\t\t\t\t\t\t\t\t<\/div>\n\t\t\t\t<\/div>\n\t\t\t\t\t<\/div>\n\t\t<\/div>\n\t\t\t\t<div class=\"elementor-column elementor-col-33 elementor-top-column elementor-element elementor-element-5dfaed3\" data-id=\"5dfaed3\" data-element_type=\"column\" data-e-type=\"column\">\n\t\t\t<div class=\"elementor-widget-wrap elementor-element-populated\">\n\t\t\t\t\t\t<div class=\"elementor-element elementor-element-6466832 elementor-widget-divider--view-line elementor-widget elementor-widget-divider\" data-id=\"6466832\" data-element_type=\"widget\" data-e-type=\"widget\" data-widget_type=\"divider.default\">\n\t\t\t\t<div class=\"elementor-widget-container\">\n\t\t\t\t\t\t\t<div class=\"elementor-divider\">\n\t\t\t<span class=\"elementor-divider-separator\">\n\t\t\t\t\t\t<\/span>\n\t\t<\/div>\n\t\t\t\t\t\t<\/div>\n\t\t\t\t<\/div>\n\t\t\t\t<div class=\"elementor-element elementor-element-cbba952 elementor-widget elementor-widget-heading\" data-id=\"cbba952\" data-element_type=\"widget\" data-e-type=\"widget\" data-widget_type=\"heading.default\">\n\t\t\t\t<div class=\"elementor-widget-container\">\n\t\t\t\t\t<h2 class=\"elementor-heading-title elementor-size-default\">KORISTNE POVEZAVE<\/h2>\t\t\t\t<\/div>\n\t\t\t\t<\/div>\n\t\t\t\t<div class=\"elementor-element elementor-element-0d345e8 elementor-widget elementor-widget-heading\" data-id=\"0d345e8\" data-element_type=\"widget\" data-e-type=\"widget\" data-widget_type=\"heading.default\">\n\t\t\t\t<div class=\"elementor-widget-container\">\n\t\t\t\t\t<h2 class=\"elementor-heading-title elementor-size-default\"><a href=\"https:\/\/dermatologiss.com\/sl\/privacy-and-cookie-policy\/\">Pravilnik o zasebnosti in pi\u0161kotkih<\/a><\/h2>\t\t\t\t<\/div>\n\t\t\t\t<\/div>\n\t\t\t\t<div class=\"elementor-element elementor-element-f5b7e04 elementor-widget elementor-widget-heading\" data-id=\"f5b7e04\" data-element_type=\"widget\" data-e-type=\"widget\" data-widget_type=\"heading.default\">\n\t\t\t\t<div class=\"elementor-widget-container\">\n\t\t\t\t\t<h2 class=\"elementor-heading-title elementor-size-default\"><a href=\"https:\/\/dermatologiss.com\/sl\/termini-e-condizioni\/\">Pogoji in dolo\u010dila<\/a><\/h2>\t\t\t\t<\/div>\n\t\t\t\t<\/div>\n\t\t\t\t<div class=\"elementor-element elementor-element-a6cdd0c elementor-widget elementor-widget-heading\" data-id=\"a6cdd0c\" data-element_type=\"widget\" data-e-type=\"widget\" data-widget_type=\"heading.default\">\n\t\t\t\t<div class=\"elementor-widget-container\">\n\t\t\t\t\t<h2 class=\"elementor-heading-title elementor-size-default\"><a href=\"https:\/\/dermatologiss.com\/sl\/cookie-policy\/\">Pravilnik o pi\u0161kotkih<\/a><\/h2>\t\t\t\t<\/div>\n\t\t\t\t<\/div>\n\t\t\t\t<div class=\"elementor-element elementor-element-2323bfc elementor-widget elementor-widget-heading\" data-id=\"2323bfc\" data-element_type=\"widget\" data-e-type=\"widget\" data-widget_type=\"heading.default\">\n\t\t\t\t<div class=\"elementor-widget-container\">\n\t\t\t\t\t<h2 class=\"elementor-heading-title elementor-size-default\"><a href=\"https:\/\/dermatologiss.com\/sl\/contatti-2\/\">Pi\u0161ite nam<\/a><\/h2>\t\t\t\t<\/div>\n\t\t\t\t<\/div>\n\t\t\t\t\t<\/div>\n\t\t<\/div>\n\t\t\t\t<div class=\"elementor-column elementor-col-33 elementor-top-column elementor-element elementor-element-1bcda91\" data-id=\"1bcda91\" data-element_type=\"column\" data-e-type=\"column\">\n\t\t\t<div class=\"elementor-widget-wrap elementor-element-populated\">\n\t\t\t\t\t\t<div class=\"elementor-element elementor-element-32196ff elementor-widget-divider--view-line elementor-widget elementor-widget-divider\" data-id=\"32196ff\" data-element_type=\"widget\" data-e-type=\"widget\" data-widget_type=\"divider.default\">\n\t\t\t\t<div class=\"elementor-widget-container\">\n\t\t\t\t\t\t\t<div class=\"elementor-divider\">\n\t\t\t<span class=\"elementor-divider-separator\">\n\t\t\t\t\t\t<\/span>\n\t\t<\/div>\n\t\t\t\t\t\t<\/div>\n\t\t\t\t<\/div>\n\t\t\t\t<div class=\"elementor-element elementor-element-a3f4aa0 elementor-widget elementor-widget-heading\" data-id=\"a3f4aa0\" data-element_type=\"widget\" data-e-type=\"widget\" data-widget_type=\"heading.default\">\n\t\t\t\t<div class=\"elementor-widget-container\">\n\t\t\t\t\t<h2 class=\"elementor-heading-title elementor-size-default\">DOSTAVA<\/h2>\t\t\t\t<\/div>\n\t\t\t\t<\/div>\n\t\t\t\t<div class=\"elementor-element elementor-element-6d0cc17 elementor-widget elementor-widget-heading\" data-id=\"6d0cc17\" data-element_type=\"widget\" data-e-type=\"widget\" data-widget_type=\"heading.default\">\n\t\t\t\t<div class=\"elementor-widget-container\">\n\t\t\t\t\t<h2 class=\"elementor-heading-title elementor-size-default\"><a href=\"https:\/\/dermatologiss.com\/sl\/spedizione-e-consegna\/\">Politika dostave<\/a><\/h2>\t\t\t\t<\/div>\n\t\t\t\t<\/div>\n\t\t\t\t<div class=\"elementor-element elementor-element-623f112 elementor-widget elementor-widget-heading\" data-id=\"623f112\" data-element_type=\"widget\" data-e-type=\"widget\" data-widget_type=\"heading.default\">\n\t\t\t\t<div class=\"elementor-widget-container\">\n\t\t\t\t\t<h2 class=\"elementor-heading-title elementor-size-default\"><a href=\"https:\/\/dermatologiss.com\/sl\/politica-di-rimborso\/\">Pravilnik o vra\u010dilu denarja<\/a><\/h2>\t\t\t\t<\/div>\n\t\t\t\t<\/div>\n\t\t\t\t\t<\/div>\n\t\t<\/div>\n\t\t\t\t\t<\/div>\n\t\t<\/section>\n\t\t\t\t<\/div>","protected":false},"excerpt":{"rendered":"<p>Politica di Rimborso La nostra politica di rimborso e restituzione dura 14 giorni. Se sono trascorsi 14 giorni dall\u2019acquisto, non possiamo offrirti un rimborso completo o uno scambio. Per poter beneficiare di un reso, il tuo articolo deve essere inutilizzato e nelle stesse condizioni in cui lo hai ricevuto. Deve anche essere nella confezione originale. [&hellip;]<\/p>","protected":false},"author":1,"featured_media":0,"parent":0,"menu_order":0,"comment_status":"closed","ping_status":"closed","template":"elementor_canvas","meta":{"footnotes":""},"class_list":["post-1379","page","type-page","status-publish","hentry"],"_links":{"self":[{"href":"https:\/\/dermatologiss.com\/sl\/wp-json\/wp\/v2\/pages\/1379","targetHints":{"allow":["GET"]}}],"collection":[{"href":"https:\/\/dermatologiss.com\/sl\/wp-json\/wp\/v2\/pages"}],"about":[{"href":"https:\/\/dermatologiss.com\/sl\/wp-json\/wp\/v2\/types\/page"}],"author":[{"embeddable":true,"href":"https:\/\/dermatologiss.com\/sl\/wp-json\/wp\/v2\/users\/1"}],"replies":[{"embeddable":true,"href":"https:\/\/dermatologiss.com\/sl\/wp-json\/wp\/v2\/comments?post=1379"}],"version-history":[{"count":11,"href":"https:\/\/dermatologiss.com\/sl\/wp-json\/wp\/v2\/pages\/1379\/revisions"}],"predecessor-version":[{"id":1431,"href":"https:\/\/dermatologiss.com\/sl\/wp-json\/wp\/v2\/pages\/1379\/revisions\/1431"}],"wp:attachment":[{"href":"https:\/\/dermatologiss.com\/sl\/wp-json\/wp\/v2\/media?parent=1379"}],"curies":[{"name":"wp","href":"https:\/\/api.w.org\/{rel}","templated":true}]}}